{"id":95,"date":"2018-03-15T22:28:21","date_gmt":"2018-03-15T22:28:21","guid":{"rendered":"https:\/\/brain-in-motion.ch\/?page_id=95"},"modified":"2018-03-18T16:24:58","modified_gmt":"2018-03-18T16:24:58","slug":"lerntherapeutin","status":"publish","type":"page","link":"https:\/\/brain-in-motion.ch\/?page_id=95","title":{"rendered":"Lerntherapie"},"content":{"rendered":"<div id=\"WRchTxto\" class=\"txtNew\" data-packed=\"true\"><span class=\"color_14\" style=\"color: #000000;\"><strong><span style=\"color: #800000;\">Lerntherapie ist mehr als Lernen lernen. Am eigenen Lernen arbeiten, heisst auch immer die eigene Pers\u00f6nlichkeit entwickeln.<\/span><br \/>\n<\/strong><\/span><br \/>\n<span style=\"color: #000000;\"><span class=\"color_14\">Im Zentrum der Lerntherapie steht die lernende Person (Sch\u00fcler, Sch\u00fclerin, Lernende, Studentin&#8230;) mit ihrer Pers\u00f6nlichkeit, ihren Lernprozessen und deren Auswirkungen auf sie. <\/span><span class=\"color_14\">Die Lerntherapie ist eine ganzheitliche Form der Unterst\u00fctzung von Lernenden. Deshalb werden auch die \u00e4usseren Rahmenbedingungen (Lernplatz, Eltern, Klasse&#8230;) ber\u00fccksichtigt, so wie optimale Lernzust\u00e4nde (Konzentration, Motivation&#8230;). Auch effektive Lernstrategien (Merkstrategien) oder innere Ressourcen (Selbstwert, Selbstmanagement) sind von grosser Bedeutung. <\/span><span class=\"color_14\">Um langfristig erfolgreich und clever lernen zu k\u00f6nnen, sind Motivation, Selbstmanagement und die St\u00e4rkung des Selbstvertrauens von zentraler Bedeutung.<\/span><span class=\"color_14\"><span class=\"wixGuard\">\u200b<\/span><\/span><\/span><\/p>\n<p class=\"font_7\"><span style=\"color: #000000;\">\u00a0<\/span><\/p>\n<\/div>\n<div id=\"WRchTxt7\" class=\"txtNew\" data-packed=\"true\">\n<h2 class=\"font_0\"><span style=\"color: #000000;\"><strong><span class=\"color_14\">Was f\u00f6rdert die Lerntherapie<\/span><\/strong><\/span><\/h2>\n<ul class=\"font_8\">\n<li>\n<p class=\"font_8\"><span class=\"color_14\" style=\"color: #000000;\">die Aufmerksamkeit und die Konzentrationsf\u00e4higkeit<\/span><\/p>\n<\/li>\n<li>\n<p class=\"font_8\"><span class=\"color_14\" style=\"color: #000000;\">die Denkf\u00e4higkeit und das logische Denken<\/span><\/p>\n<\/li>\n<li>\n<p class=\"font_8\"><span class=\"color_14\" style=\"color: #000000;\">das Rechnen, Lesen und Schreiben<\/span><\/p>\n<\/li>\n<li>\n<p class=\"font_8\"><span class=\"color_14\" style=\"color: #000000;\">die Wahrnehmung<\/span><\/p>\n<\/li>\n<li>\n<p class=\"font_8\"><span class=\"color_14\" style=\"color: #000000;\">die Lernorganisation<\/span><\/p>\n<\/li>\n<li>\n<p class=\"font_8\"><span class=\"color_14\" style=\"color: #000000;\">geeignete Lerntechniken<\/span><\/p>\n<\/li>\n<li>\n<p class=\"font_8\"><span class=\"color_14\" style=\"color: #000000;\">das Erkennen und Optimieren der eigenen Lernstrategien<\/span><\/p>\n<\/li>\n<li>\n<p class=\"font_8\"><span class=\"color_14\" style=\"color: #000000;\">das Selbstvertrauen sich auf Neues einzulassen<\/span><\/p>\n<\/li>\n<li>\n<p class=\"font_8\"><span class=\"color_14\" style=\"color: #000000;\">eine gute Fehlerkultur (Fehler machen klug, daher ist einer nicht genug)<\/span><\/p>\n<\/li>\n<li>\n<p class=\"font_8\"><span class=\"color_14\" style=\"color: #000000;\">das Erkennen und das Vertrauen in die eigenen St\u00e4rken<\/span><\/p>\n<\/li>\n<li>\n<p class=\"font_8\"><span class=\"color_14\" style=\"color: #000000;\">die Selbstverantwortung bei Lernprozessen<\/span><\/p>\n<\/li>\n<\/ul>\n<\/div>\n","protected":false},"excerpt":{"rendered":"<p>Lerntherapie ist mehr als Lernen lernen. Am eigenen Lernen arbeiten, heisst auch immer die eigene Pers\u00f6nlichkeit entwickeln. Im Zentrum der Lerntherapie steht die lernende Person (Sch\u00fcler, Sch\u00fclerin, Lernende, Studentin&#8230;) mit ihrer Pers\u00f6nlichkeit, ihren Lernprozessen und deren Auswirkungen auf sie. Die&hellip; <\/p>\n","protected":false},"author":1,"featured_media":0,"parent":0,"menu_order":0,"comment_status":"closed","ping_status":"closed","template":"","meta":{"footnotes":""},"class_list":["post-95","page","type-page","status-publish","hentry"],"_links":{"self":[{"href":"https:\/\/brain-in-motion.ch\/index.php?rest_route=\/wp\/v2\/pages\/95","targetHints":{"allow":["GET"]}}],"collection":[{"href":"https:\/\/brain-in-motion.ch\/index.php?rest_route=\/wp\/v2\/pages"}],"about":[{"href":"https:\/\/brain-in-motion.ch\/index.php?rest_route=\/wp\/v2\/types\/page"}],"author":[{"embeddable":true,"href":"https:\/\/brain-in-motion.ch\/index.php?rest_route=\/wp\/v2\/users\/1"}],"replies":[{"embeddable":true,"href":"https:\/\/brain-in-motion.ch\/index.php?rest_route=%2Fwp%2Fv2%2Fcomments&post=95"}],"version-history":[{"count":3,"href":"https:\/\/brain-in-motion.ch\/index.php?rest_route=\/wp\/v2\/pages\/95\/revisions"}],"predecessor-version":[{"id":163,"href":"https:\/\/brain-in-motion.ch\/index.php?rest_route=\/wp\/v2\/pages\/95\/revisions\/163"}],"wp:attachment":[{"href":"https:\/\/brain-in-motion.ch\/index.php?rest_route=%2Fwp%2Fv2%2Fmedia&parent=95"}],"curies":[{"name":"wp","href":"https:\/\/api.w.org\/{rel}","templated":true}]}}