{"id":135,"date":"2018-03-18T08:29:29","date_gmt":"2018-03-18T08:29:29","guid":{"rendered":"https:\/\/brain-in-motion.ch\/?page_id=135"},"modified":"2018-03-18T16:33:13","modified_gmt":"2018-03-18T16:33:13","slug":"start","status":"publish","type":"page","link":"https:\/\/brain-in-motion.ch\/","title":{"rendered":"Home"},"content":{"rendered":"<h5 class=\"font_2\">Herzlich willkommen auf meiner Homepage<\/h5>\n<h2 class=\"font_2\"><span class=\"color_26\"><a href=\"http:\/\/teesselink.wixsite.com\/brain-in-motion\" target=\"_self\">\u00a0\u00a0\u00a0\u00a0\u00a0\u00a0\u00a0\u00a0\u00a0\u00a0\u00a0\u00a0\u00a0\u00a0\u00a0\u00a0 Brain-in-motion\u00a0\u00a0\u00a0\u00a0\u00a0\u00a0\u00a0\u00a0\u00a0\u00a0\u00a0\u00a0\u00a0\u00a0\u00a0\u00a0\u00a0\u00a0\u00a0\u00a0<\/a><\/span><\/h2>\n<p><strong>Das Bewusstsein der eigenen St\u00e4rke und des eigenen Wertes \u2013 und nat\u00fcrlich auch der eigenen Grenzen \u2013 gibt Optimismus und Kraft und hilft uns, unser Potential auszusch\u00f6pfen und zu dem Menschen zu werden, der wir eigentlich sein k\u00f6nnten.<\/strong><\/p>\n<p>Leider bringt unsere Erziehungs- und Gesellschaftssituation noch oft selbstunsichere Menschen hervor. Die Kindern, Jugendliche und ihre Eltern, stehen in unsere Leistungsorientierte Gesellschaft sehr unter Druck. Die Kinder probieren den Anforderungen der Eltern und das Schulsystem zu erf\u00fcllen. Die Eltern machen sich sorgen \u00fcber den berufliche Kariere. Oft t<img fetchpriority=\"high\" decoding=\"async\" class=\" wp-image-155 alignleft\" src=\"https:\/\/brain-in-motion.ch\/wp-content\/uploads\/2018\/03\/Bild0220-2-225x300.jpg\" alt=\"\" width=\"198\" height=\"264\" srcset=\"https:\/\/brain-in-motion.ch\/wp-content\/uploads\/2018\/03\/Bild0220-2-225x300.jpg 225w, https:\/\/brain-in-motion.ch\/wp-content\/uploads\/2018\/03\/Bild0220-2-768x1024.jpg 768w, https:\/\/brain-in-motion.ch\/wp-content\/uploads\/2018\/03\/Bild0220-2.jpg 1021w\" sizes=\"(max-width: 198px) 100vw, 198px\" \/>un wir Dingen nur noch um gesehen und gesch\u00e4tzt zu werden. Bei Schwierigkeiten, Blockaden oder Zeitdruck dr\u00e4ngt das Lernen unangenehm ins Bewusstsein und wird als m\u00fchsam, manchmal sogar als schmerzhaft oder bedrohlich erlebt. Im dieser Stresszustand l\u00e4uft man Gefahr, die Dinge nur noch im \u00abTunnelblick\u00bb zu sehen.<\/p>\n<p><strong>Hier setzt die Lerntherapie an und hilft, verborgene Ressourcen zu finden und zu aktivieren, den Blick wieder zu \u00f6ffnen.<\/strong><\/p>\n","protected":false},"excerpt":{"rendered":"<p>Herzlich willkommen auf meiner Homepage \u00a0\u00a0\u00a0\u00a0\u00a0\u00a0\u00a0\u00a0\u00a0\u00a0\u00a0\u00a0\u00a0\u00a0\u00a0\u00a0 Brain-in-motion\u00a0\u00a0\u00a0\u00a0\u00a0\u00a0\u00a0\u00a0\u00a0\u00a0\u00a0\u00a0\u00a0\u00a0\u00a0\u00a0\u00a0\u00a0\u00a0\u00a0 Das Bewusstsein der eigenen St\u00e4rke und des eigenen Wertes \u2013 und nat\u00fcrlich auch der eigenen Grenzen \u2013 gibt Optimismus und Kraft und hilft uns, unser Potential auszusch\u00f6pfen und zu dem Menschen zu werden,&hellip; <\/p>\n","protected":false},"author":1,"featured_media":0,"parent":0,"menu_order":0,"comment_status":"closed","ping_status":"closed","template":"","meta":{"footnotes":""},"class_list":["post-135","page","type-page","status-publish","hentry"],"_links":{"self":[{"href":"https:\/\/brain-in-motion.ch\/index.php?rest_route=\/wp\/v2\/pages\/135","targetHints":{"allow":["GET"]}}],"collection":[{"href":"https:\/\/brain-in-motion.ch\/index.php?rest_route=\/wp\/v2\/pages"}],"about":[{"href":"https:\/\/brain-in-motion.ch\/index.php?rest_route=\/wp\/v2\/types\/page"}],"author":[{"embeddable":true,"href":"https:\/\/brain-in-motion.ch\/index.php?rest_route=\/wp\/v2\/users\/1"}],"replies":[{"embeddable":true,"href":"https:\/\/brain-in-motion.ch\/index.php?rest_route=%2Fwp%2Fv2%2Fcomments&post=135"}],"version-history":[{"count":6,"href":"https:\/\/brain-in-motion.ch\/index.php?rest_route=\/wp\/v2\/pages\/135\/revisions"}],"predecessor-version":[{"id":168,"href":"https:\/\/brain-in-motion.ch\/index.php?rest_route=\/wp\/v2\/pages\/135\/revisions\/168"}],"wp:attachment":[{"href":"https:\/\/brain-in-motion.ch\/index.php?rest_route=%2Fwp%2Fv2%2Fmedia&parent=135"}],"curies":[{"name":"wp","href":"https:\/\/api.w.org\/{rel}","templated":true}]}}